{"id":228,"date":"2026-04-10T17:32:30","date_gmt":"2026-04-10T17:32:30","guid":{"rendered":"https:\/\/justthink.pl\/?page_id=228"},"modified":"2026-04-11T16:35:25","modified_gmt":"2026-04-11T16:35:25","slug":"o-mnie","status":"publish","type":"page","link":"https:\/\/justthink.pl\/?page_id=228","title":{"rendered":"O mnie"},"content":{"rendered":"\n<figure class=\"wp-block-image aligncenter size-full\"><img loading=\"lazy\" decoding=\"async\" width=\"200\" height=\"200\" src=\"https:\/\/justthink.pl\/wp-content\/uploads\/2026\/04\/1329.jpg\" alt=\"\" class=\"wp-image-230\" srcset=\"https:\/\/justthink.pl\/wp-content\/uploads\/2026\/04\/1329.jpg 200w, https:\/\/justthink.pl\/wp-content\/uploads\/2026\/04\/1329-150x150.jpg 150w\" sizes=\"auto, (max-width: 200px) 100vw, 200px\" \/><\/figure>\n\n\n\n<p class=\"has-text-align-center\">Nazywam si\u0119 Piotr Marcin Bieszke. Urodzi\u0142em si\u0119 w Gda\u0144sku w 1970 r. Moja osobowo\u015b\u0107 jest po\u0142\u0105czeniem WWO i ENFP. Z wykszta\u0142cenia jestem nauczycielem z dyplomem uko\u0144czenia Pedagogicznego Studium Technicznego w Gda\u0144sku. Studiowa\u0142em 2 lata Pedagogik\u0119 na UG i 1 rok w WSKZ we Wroc\u0142awiu. B\u0119d\u0105c studentem tej ostatniej Szko\u0142y Wy\u017cszej mia\u0142em praktyki pedagogiczne w : Poradni Psychologiczno-Pedagogicznej, Szkole Podstawowej Montessori, Domu Spokojnej Staro\u015bci &#8216; Z\u0142ota Jesie\u0144 &#8221; Poradni Monaru oraz Pogotowiu Opieku\u0144czym. Wszystkie w\/w praktyki studenckie odby\u0142y si\u0119 w Gda\u0144sku. Na 1 roku studi\u00f3w na UG pracowa\u0142em przez 3 mc w jednej z gda\u0144skich Noclegowni dla Bezdomnych a b\u0119d\u0105c uczniem PST w 1 i 2 klasie prowadzi\u0142em w TKKF &#8220;Uroda&#8221; zaj\u0119cia samoobrony g\u0142\u00f3wnie dla m\u0142odzie\u017cy oraz sam zorganizowa\u0142em w tamtym czasie 2 wakacyjne obozy treningowe w Dar\u0142\u00f3wku i niedaleko Go\u0142ubia Kaszubskiego. Interesuje si\u0119: literatur\u0105 &#8211; beletrystyka i fantastyka, popularno &#8211; naukow\u0105 ( r\u00f3\u017cne dziedziny ), psychologi\u0105 ( r\u00f3\u017cne nurty i techniki terapii ), wychowaniem , edukacj\u0105, filozofi\u0105, religi\u0105, rozwojem osobistym ( Jung ) ,duchowo\u015bci\u0105 ( Jiddu Krishnamurti ), sztuk\u0105, filmem i Muzyk\u0105. W roku 2025 prowadzi\u0142em blog o \u017cyciu z wyobra\u017ani\u0105 &#8211; becreate.pl , nast\u0119pnie publikowa\u0142em na akademia.edu, a obecnie prowadz\u0119 now\u0105 ods\u0142on\u0119 kolejnego po wspomnianych projektach blogu &#8211; justthink.pl na kt\u00f3ry serdecznie zapraszam wszystkich zainteresowanych.<\/p>\n\n\n\n<p><\/p>\n\n\n\n<p><\/p>\n\n\n\n<p><\/p>\n\n\n\n<p><\/p>\n\n\n\n<p><\/p>\n\n\n\n<p><\/p>\n\n\n\n<p><\/p>\n\n\n\n<p><\/p>\n\n\n\n<p><\/p>\n\n\n\n<p><\/p>\n\n\n\n<p><\/p>\n\n\n\n<p><\/p>\n\n\n\n<p><\/p>\n\n\n\n<p><\/p>\n<p>Views: 66<\/p>","protected":false},"excerpt":{"rendered":"<p>Nazywam si\u0119 Piotr Marcin Bieszke. Urodzi\u0142em si\u0119 w Gda\u0144sku w 1970 r. Moja osobowo\u015b\u0107 jest po\u0142\u0105czeniem WWO i ENFP. Z wykszta\u0142cenia jestem nauczycielem z dyplomem uko\u0144czenia Pedagogicznego Studium Technicznego w Gda\u0144sku. Studiowa\u0142em 2 lata Pedagogik\u0119 na UG i 1 rok w WSKZ we Wroc\u0142awiu. B\u0119d\u0105c studentem tej ostatniej Szko\u0142y Wy\u017cszej mia\u0142em praktyki pedagogiczne w : [&hellip;]<\/p>\n","protected":false},"author":1,"featured_media":0,"parent":0,"menu_order":0,"comment_status":"closed","ping_status":"closed","template":"","meta":{"zakra_page_container_layout":"customizer","zakra_page_sidebar_layout":"customizer","zakra_remove_content_margin":false,"zakra_sidebar":"customizer","zakra_transparent_header":"customizer","zakra_logo":0,"zakra_main_header_style":"default","zakra_menu_item_color":"","zakra_menu_item_hover_color":"","zakra_menu_item_active_color":"","zakra_menu_active_style":"","zakra_page_header":true,"slim_seo":{"title":"O mnie - justthink.pl","description":"Nazywam si\u0119 Piotr Marcin Bieszke. Urodzi\u0142em si\u0119 w Gda\u0144sku w 1970 r. Moja osobowo\u015b\u0107 jest po\u0142\u0105czeniem WWO i ENFP. Z wykszta\u0142cenia jestem nauczycielem z dyplomem u"},"footnotes":""},"class_list":["post-228","page","type-page","status-publish","hentry"],"_links":{"self":[{"href":"https:\/\/justthink.pl\/index.php?rest_route=\/wp\/v2\/pages\/228","targetHints":{"allow":["GET"]}}],"collection":[{"href":"https:\/\/justthink.pl\/index.php?rest_route=\/wp\/v2\/pages"}],"about":[{"href":"https:\/\/justthink.pl\/index.php?rest_route=\/wp\/v2\/types\/page"}],"author":[{"embeddable":true,"href":"https:\/\/justthink.pl\/index.php?rest_route=\/wp\/v2\/users\/1"}],"replies":[{"embeddable":true,"href":"https:\/\/justthink.pl\/index.php?rest_route=%2Fwp%2Fv2%2Fcomments&post=228"}],"version-history":[{"count":6,"href":"https:\/\/justthink.pl\/index.php?rest_route=\/wp\/v2\/pages\/228\/revisions"}],"predecessor-version":[{"id":302,"href":"https:\/\/justthink.pl\/index.php?rest_route=\/wp\/v2\/pages\/228\/revisions\/302"}],"wp:attachment":[{"href":"https:\/\/justthink.pl\/index.php?rest_route=%2Fwp%2Fv2%2Fmedia&parent=228"}],"curies":[{"name":"wp","href":"https:\/\/api.w.org\/{rel}","templated":true}]}}